{"id":5457,"date":"2025-03-02T22:55:39","date_gmt":"2025-03-02T19:55:39","guid":{"rendered":"https:\/\/www.cevahirperlite.com\/en\/?page_id=5457"},"modified":"2025-06-10T19:52:14","modified_gmt":"2025-06-10T16:52:14","slug":"products","status":"publish","type":"page","link":"https:\/\/www.cevahirperlite.com\/en\/products\/","title":{"rendered":"Products"},"content":{"rendered":"\t\t<div data-elementor-type=\"wp-page\" data-elementor-id=\"5457\" class=\"elementor elementor-5457\">\n\t\t\t\t        <section class=\"elementor-section elementor-top-section elementor-element elementor-element-cb82fea elementor-section-stretched elementor-section-boxed elementor-section-height-default elementor-section-height-default pxl-row-scroll-none pxl-zoom-point-false pxl-section-overflow-visible pxl-section-fix-none pxl-bg-color-none pxl-section-overlay-none\" data-id=\"cb82fea\" data-element_type=\"section\" data-settings=\"{&quot;stretch_section&quot;:&quot;section-stretched&quot;}\">\n\n                \n                <div class=\"elementor-container elementor-column-gap-extended \">\n                <div class=\"elementor-column elementor-col-50 elementor-top-column elementor-element elementor-element-5eb5249 pxl-column-none pxl-column-overflow-hidden-no\" data-id=\"5eb5249\" data-element_type=\"column\">\r\n        <div class=\"elementor-widget-wrap elementor-element-populated\">\r\n                     \r\n        \t\t<div class=\"elementor-element elementor-element-df2b514 elementor-widget elementor-widget-pxl_heading\" data-id=\"df2b514\" data-element_type=\"widget\" data-widget_type=\"pxl_heading.default\">\n\t\t\t\t<div class=\"elementor-widget-container\">\n\t\t\t\t\t\n<div id=\"pxl-pxl_heading-df2b514-1039\" class=\"pxl-heading px-sub-title-default-style \">\n\t<div class=\"pxl-heading--inner\">\n\t\t<div class=\"pxl-heading-content\">\n\t\t\t\n\t\t\t<h3 class=\"pxl-item--title style-default highlight-default \" data-wow-delay=\"ms\">\n\t\t\t\t\n\t\t\t\t\n\t\t\t\t\t\t\t\t\tCrushed and screened &#8211; Unexpanded\t\n\t\t\t\t\t\n\t\t\t<\/h3>\n\t\t<\/div>\n\t<\/div>\n<\/div>\t\t\t\t<\/div>\n\t\t\t\t<\/div>\n\t\t\t\t<div class=\"elementor-element elementor-element-f4c6722 elementor-widget elementor-widget-pxl_text_editor\" data-id=\"f4c6722\" data-element_type=\"widget\" data-widget_type=\"pxl_text_editor.default\">\n\t\t\t\t<div class=\"elementor-widget-container\">\n\t\t\t\t\t<div class=\"pxl-text-editor\">\n\t<div class=\"pxl-item--inner \" data-wow-delay=\"ms\">\n\t\t<p>Unexpanded perlite production involves the mining, crushing and screening of perlite ore. It is the most common form demanded, given the convenience of its compressed volume for shipment. Most buyers will then expand the product at their own facilities making significant savings on transport costs.<\/p><p>Our unexpanded perlite undergoes an extremely accurate screening process allowing for a low percentage of material outside the specified grain sizes. Furthermore due to suction undergone by our ore in the production process through multiple cyclones the final product has a remarkably low percentage of the undesired ultra-fine minerals.<\/p>\t\t\n\t<\/div>\n<\/div>\t\t\t\t<\/div>\n\t\t\t\t<\/div>\n\t\t\t\t<div class=\"elementor-element elementor-element-5d1fd1b elementor-widget elementor-widget-pxl_heading\" data-id=\"5d1fd1b\" data-element_type=\"widget\" data-widget_type=\"pxl_heading.default\">\n\t\t\t\t<div class=\"elementor-widget-container\">\n\t\t\t\t\t\n<div id=\"pxl-pxl_heading-5d1fd1b-7205\" class=\"pxl-heading px-sub-title-default-style \">\n\t<div class=\"pxl-heading--inner\">\n\t\t<div class=\"pxl-heading-content\">\n\t\t\t\n\t\t\t<h3 class=\"pxl-item--title style-default highlight-default \" data-wow-delay=\"ms\">\n\t\t\t\t\n\t\t\t\t\n\t\t\t\t\t\t\t\t\tExpanded\t\n\t\t\t\t\t\n\t\t\t<\/h3>\n\t\t<\/div>\n\t<\/div>\n<\/div>\t\t\t\t<\/div>\n\t\t\t\t<\/div>\n\t\t\t\t<div class=\"elementor-element elementor-element-46cf58b elementor-widget elementor-widget-pxl_text_editor\" data-id=\"46cf58b\" data-element_type=\"widget\" data-widget_type=\"pxl_text_editor.default\">\n\t\t\t\t<div class=\"elementor-widget-container\">\n\t\t\t\t\t<div class=\"pxl-text-editor\">\n\t<div class=\"pxl-item--inner \" data-wow-delay=\"ms\">\n\t\t<p>Expanded perlite is produced when the grains are heated at temperatures of upto 900\u00b0 allowing the perlite ore to expand upto 25 times its original volume.<\/p><p>The expansion process allows for a variety of uses, served to the purposes of construction, agriculture and filtration. Expanded perlite holds multiple characterstics ideal for such industrial uses through its lightweight nature, fireproof properties and the suitability to be mixed with other products; being widely used in construction industries as an element for heat and sound insulation of walls, ceilings and flooring.<\/p>\t\t\n\t<\/div>\n<\/div>\t\t\t\t<\/div>\n\t\t\t\t<\/div>\n\t\t            <\/div>\r\n        <\/div>\r\n                <div class=\"elementor-column elementor-col-50 elementor-top-column elementor-element elementor-element-f33384f pxl-column-none pxl-column-overflow-hidden-no\" data-id=\"f33384f\" data-element_type=\"column\">\r\n        <div class=\"elementor-widget-wrap elementor-element-populated\">\r\n                     \r\n        \t\t<div class=\"elementor-element elementor-element-813caf5 elementor-arrows-position-inside elementor-pagination-position-outside elementor-widget elementor-widget-image-carousel\" data-id=\"813caf5\" data-element_type=\"widget\" data-settings=\"{&quot;slides_to_show&quot;:&quot;1&quot;,&quot;navigation&quot;:&quot;both&quot;,&quot;autoplay&quot;:&quot;yes&quot;,&quot;pause_on_hover&quot;:&quot;yes&quot;,&quot;pause_on_interaction&quot;:&quot;yes&quot;,&quot;autoplay_speed&quot;:5000,&quot;infinite&quot;:&quot;yes&quot;,&quot;effect&quot;:&quot;slide&quot;,&quot;speed&quot;:500}\" data-widget_type=\"image-carousel.default\">\n\t\t\t\t<div class=\"elementor-widget-container\">\n\t\t\t\t\t\t\t<div class=\"elementor-image-carousel-wrapper swiper\" role=\"region\" aria-roledescription=\"carousel\" aria-label=\"Resim D\u00f6ng\u00fcs\u00fc\" dir=\"ltr\">\n\t\t\t<div class=\"elementor-image-carousel swiper-wrapper\" aria-live=\"off\">\n\t\t\t\t\t\t\t\t<div class=\"swiper-slide\" role=\"group\" aria-roledescription=\"slide\" aria-label=\"1 of 4\"><a data-elementor-open-lightbox=\"yes\" data-elementor-lightbox-slideshow=\"813caf5\" data-elementor-lightbox-title=\"urunler-1\" data-e-action-hash=\"#elementor-action%3Aaction%3Dlightbox%26settings%3DeyJpZCI6NTQ2OCwidXJsIjoiaHR0cHM6XC9cL3d3dy5jZXZhaGlycGVybGl0ZS5jb21cL2VuXC93cC1jb250ZW50XC91cGxvYWRzXC8yMDI1XC8wM1wvdXJ1bmxlci0xLmpwZyIsInNsaWRlc2hvdyI6IjgxM2NhZjUifQ%3D%3D\" href=\"https:\/\/www.cevahirperlite.com\/en\/wp-content\/uploads\/2025\/03\/urunler-1.jpg\"><figure class=\"swiper-slide-inner\"><img decoding=\"async\" class=\"swiper-slide-image\" src=\"https:\/\/www.cevahirperlite.com\/en\/wp-content\/uploads\/2025\/03\/urunler-1-600x501.jpg\" alt=\"urunler-1\" \/><\/figure><\/a><\/div><div class=\"swiper-slide\" role=\"group\" aria-roledescription=\"slide\" aria-label=\"2 of 4\"><a data-elementor-open-lightbox=\"yes\" data-elementor-lightbox-slideshow=\"813caf5\" data-elementor-lightbox-title=\"urunler-3\" data-e-action-hash=\"#elementor-action%3Aaction%3Dlightbox%26settings%3DeyJpZCI6NTQ2NiwidXJsIjoiaHR0cHM6XC9cL3d3dy5jZXZhaGlycGVybGl0ZS5jb21cL2VuXC93cC1jb250ZW50XC91cGxvYWRzXC8yMDI1XC8wM1wvdXJ1bmxlci0zLmpwZyIsInNsaWRlc2hvdyI6IjgxM2NhZjUifQ%3D%3D\" href=\"https:\/\/www.cevahirperlite.com\/en\/wp-content\/uploads\/2025\/03\/urunler-3.jpg\"><figure class=\"swiper-slide-inner\"><img decoding=\"async\" class=\"swiper-slide-image\" src=\"https:\/\/www.cevahirperlite.com\/en\/wp-content\/uploads\/2025\/03\/urunler-3-600x501.jpg\" alt=\"urunler-3\" \/><\/figure><\/a><\/div><div class=\"swiper-slide\" role=\"group\" aria-roledescription=\"slide\" aria-label=\"3 of 4\"><a data-elementor-open-lightbox=\"yes\" data-elementor-lightbox-slideshow=\"813caf5\" data-elementor-lightbox-title=\"urunler-2\" data-e-action-hash=\"#elementor-action%3Aaction%3Dlightbox%26settings%3DeyJpZCI6NTQ2NywidXJsIjoiaHR0cHM6XC9cL3d3dy5jZXZhaGlycGVybGl0ZS5jb21cL2VuXC93cC1jb250ZW50XC91cGxvYWRzXC8yMDI1XC8wM1wvdXJ1bmxlci0yLmpwZyIsInNsaWRlc2hvdyI6IjgxM2NhZjUifQ%3D%3D\" href=\"https:\/\/www.cevahirperlite.com\/en\/wp-content\/uploads\/2025\/03\/urunler-2.jpg\"><figure class=\"swiper-slide-inner\"><img decoding=\"async\" class=\"swiper-slide-image\" src=\"https:\/\/www.cevahirperlite.com\/en\/wp-content\/uploads\/2025\/03\/urunler-2-600x501.jpg\" alt=\"urunler-2\" \/><\/figure><\/a><\/div><div class=\"swiper-slide\" role=\"group\" aria-roledescription=\"slide\" aria-label=\"4 of 4\"><a data-elementor-open-lightbox=\"yes\" data-elementor-lightbox-slideshow=\"813caf5\" data-elementor-lightbox-title=\"urunler-4\" data-e-action-hash=\"#elementor-action%3Aaction%3Dlightbox%26settings%3DeyJpZCI6NTQ2NSwidXJsIjoiaHR0cHM6XC9cL3d3dy5jZXZhaGlycGVybGl0ZS5jb21cL2VuXC93cC1jb250ZW50XC91cGxvYWRzXC8yMDI1XC8wM1wvdXJ1bmxlci00LmpwZyIsInNsaWRlc2hvdyI6IjgxM2NhZjUifQ%3D%3D\" href=\"https:\/\/www.cevahirperlite.com\/en\/wp-content\/uploads\/2025\/03\/urunler-4.jpg\"><figure class=\"swiper-slide-inner\"><img decoding=\"async\" class=\"swiper-slide-image\" src=\"https:\/\/www.cevahirperlite.com\/en\/wp-content\/uploads\/2025\/03\/urunler-4-600x501.jpg\" alt=\"urunler-4\" \/><\/figure><\/a><\/div>\t\t\t<\/div>\n\t\t\t\t\t\t\t\t\t\t\t\t<div class=\"elementor-swiper-button elementor-swiper-button-prev\" role=\"button\" tabindex=\"0\">\n\t\t\t\t\t\t<i aria-hidden=\"true\" class=\"eicon-chevron-left\"><\/i>\t\t\t\t\t<\/div>\n\t\t\t\t\t<div class=\"elementor-swiper-button elementor-swiper-button-next\" role=\"button\" tabindex=\"0\">\n\t\t\t\t\t\t<i aria-hidden=\"true\" class=\"eicon-chevron-right\"><\/i>\t\t\t\t\t<\/div>\n\t\t\t\t\n\t\t\t\t\t\t\t\t\t<div class=\"swiper-pagination\"><\/div>\n\t\t\t\t\t\t\t\t\t<\/div>\n\t\t\t\t\t\t<\/div>\n\t\t\t\t<\/div>\n\t\t            <\/div>\r\n        <\/div>\r\n        \t\t\t<\/div>\n\t\t<\/section>\n\t\t        <section class=\"elementor-section elementor-inner-section elementor-element elementor-element-73be1c51 elementor-section-boxed elementor-section-height-default elementor-section-height-default pxl-row-scroll-none pxl-zoom-point-false pxl-section-overflow-visible pxl-section-fix-none pxl-bg-color-none pxl-section-overlay-none\" data-id=\"73be1c51\" data-element_type=\"section\">\n\n                \n                <div class=\"elementor-container elementor-column-gap-no \">\n                <div class=\"elementor-column elementor-col-100 elementor-inner-column elementor-element elementor-element-d3f98e6 pxl-column-none pxl-column-overflow-hidden-no\" data-id=\"d3f98e6\" data-element_type=\"column\">\r\n        <div class=\"elementor-widget-wrap elementor-element-populated\">\r\n                     \r\n        \t\t<div class=\"elementor-element elementor-element-d0ed2ed elementor-widget elementor-widget-pxl_heading\" data-id=\"d0ed2ed\" data-element_type=\"widget\" data-widget_type=\"pxl_heading.default\">\n\t\t\t\t<div class=\"elementor-widget-container\">\n\t\t\t\t\t\n<div id=\"pxl-pxl_heading-d0ed2ed-8550\" class=\"pxl-heading px-sub-title-default-style \">\n\t<div class=\"pxl-heading--inner\">\n\t\t<div class=\"pxl-heading-content\">\n\t\t\t\n\t\t\t<h3 class=\"pxl-item--title style-default highlight-default \" data-wow-delay=\"ms\">\n\t\t\t\t\n\t\t\t\t\n\t\t\t\t\t\t\t\t\tProducts\t\n\t\t\t\t\t\n\t\t\t<\/h3>\n\t\t<\/div>\n\t<\/div>\n<\/div>\t\t\t\t<\/div>\n\t\t\t\t<\/div>\n\t\t            <\/div>\r\n        <\/div>\r\n        \t\t\t<\/div>\n\t\t<\/section>\n\t\t        <section class=\"elementor-section elementor-inner-section elementor-element elementor-element-29d44c3 elementor-section-boxed elementor-section-height-default elementor-section-height-default pxl-row-scroll-none pxl-zoom-point-false pxl-section-overflow-visible pxl-section-fix-none pxl-bg-color-none pxl-section-overlay-none\" data-id=\"29d44c3\" data-element_type=\"section\">\n\n                \n                <div class=\"elementor-container elementor-column-gap-no \">\n                <div class=\"elementor-column elementor-col-50 elementor-inner-column elementor-element elementor-element-08db0b0 pxl-column-none pxl-column-overflow-hidden-no\" data-id=\"08db0b0\" data-element_type=\"column\">\r\n        <div class=\"elementor-widget-wrap elementor-element-populated\">\r\n                     \r\n        \t\t<div class=\"elementor-element elementor-element-bc108b3 elementor-widget elementor-widget-pxl_list_meta\" data-id=\"bc108b3\" data-element_type=\"widget\" data-widget_type=\"pxl_list_meta.default\">\n\t\t\t\t<div class=\"elementor-widget-container\">\n\t\t\t\t\t    <div class=\"pxl-list-meta pxl-list-meta3 style1\">\r\n                    <a class=\"pxl-item \" data-wow-delay=\"ms\" href=\"https:\/\/www.cevahirperlite.com\/en\/urunler-pdf\/tds-0-074-0-300mm.pdf\" target=\"_blank\">\r\n                <div class=\"pxl-item-content\">\r\n                \t                        <div class=\"pxl-item--icon pxl-mr-14\">\r\n                            <i aria-hidden=\"true\" class=\"fas fa-file-pdf\"><\/i>                        <\/div>\r\n                                        <div class=\"pxl-item--text el-empty\">\r\n                        <span>0,074-0,300 mm<\/span>\r\n                    <\/div>\r\n                <\/div>\r\n                <div class=\"pxl-item-arrow\">\r\n                \t<i class=\"caseicon-long-arrow-right-two\"><\/i>\r\n                <\/div>\r\n            <\/a>\r\n                    <a class=\"pxl-item \" data-wow-delay=\"ms\" href=\"https:\/\/www.cevahirperlite.com\/en\/urunler-pdf\/tds-0-074-0-600mm.pdf\" target=\"_blank\">\r\n                <div class=\"pxl-item-content\">\r\n                \t                        <div class=\"pxl-item--icon pxl-mr-14\">\r\n                            <i aria-hidden=\"true\" class=\"fas fa-file-pdf\"><\/i>                        <\/div>\r\n                                        <div class=\"pxl-item--text el-empty\">\r\n                        <span>0,074-0,600 mm<\/span>\r\n                    <\/div>\r\n                <\/div>\r\n                <div class=\"pxl-item-arrow\">\r\n                \t<i class=\"caseicon-long-arrow-right-two\"><\/i>\r\n                <\/div>\r\n            <\/a>\r\n                    <a class=\"pxl-item \" data-wow-delay=\"ms\" href=\"https:\/\/www.cevahirperlite.com\/en\/urunler-pdf\/tds-0-150-0-600mm.pdf\" target=\"_blank\">\r\n                <div class=\"pxl-item-content\">\r\n                \t                        <div class=\"pxl-item--icon pxl-mr-14\">\r\n                            <i aria-hidden=\"true\" class=\"fas fa-file-pdf\"><\/i>                        <\/div>\r\n                                        <div class=\"pxl-item--text el-empty\">\r\n                        <span>0,150-0,600 mm<\/span>\r\n                    <\/div>\r\n                <\/div>\r\n                <div class=\"pxl-item-arrow\">\r\n                \t<i class=\"caseicon-long-arrow-right-two\"><\/i>\r\n                <\/div>\r\n            <\/a>\r\n            <\/div>\r\n\t\t\t\t<\/div>\n\t\t\t\t<\/div>\n\t\t            <\/div>\r\n        <\/div>\r\n                <div class=\"elementor-column elementor-col-50 elementor-inner-column elementor-element elementor-element-f9dfbe9 pxl-column-none pxl-column-overflow-hidden-no\" data-id=\"f9dfbe9\" data-element_type=\"column\">\r\n        <div class=\"elementor-widget-wrap elementor-element-populated\">\r\n                     \r\n        \t\t<div class=\"elementor-element elementor-element-184a46b elementor-widget elementor-widget-pxl_list_meta\" data-id=\"184a46b\" data-element_type=\"widget\" data-widget_type=\"pxl_list_meta.default\">\n\t\t\t\t<div class=\"elementor-widget-container\">\n\t\t\t\t\t    <div class=\"pxl-list-meta pxl-list-meta3 style1\">\r\n                    <a class=\"pxl-item \" data-wow-delay=\"ms\" href=\"https:\/\/www.cevahirperlite.com\/en\/urunler-pdf\/tds-0-300-0-600mm.pdf\" target=\"_blank\">\r\n                <div class=\"pxl-item-content\">\r\n                \t                        <div class=\"pxl-item--icon pxl-mr-14\">\r\n                            <i aria-hidden=\"true\" class=\"fas fa-file-pdf\"><\/i>                        <\/div>\r\n                                        <div class=\"pxl-item--text el-empty\">\r\n                        <span>0,300-0,600 mm<\/span>\r\n                    <\/div>\r\n                <\/div>\r\n                <div class=\"pxl-item-arrow\">\r\n                \t<i class=\"caseicon-long-arrow-right-two\"><\/i>\r\n                <\/div>\r\n            <\/a>\r\n                    <a class=\"pxl-item \" data-wow-delay=\"ms\" href=\"https:\/\/www.cevahirperlite.com\/en\/urunler-pdf\/tds-0-600-1-200mm.pdf\" target=\"_blank\">\r\n                <div class=\"pxl-item-content\">\r\n                \t                        <div class=\"pxl-item--icon pxl-mr-14\">\r\n                            <i aria-hidden=\"true\" class=\"fas fa-file-pdf\"><\/i>                        <\/div>\r\n                                        <div class=\"pxl-item--text el-empty\">\r\n                        <span>0,600-1,200 mm<\/span>\r\n                    <\/div>\r\n                <\/div>\r\n                <div class=\"pxl-item-arrow\">\r\n                \t<i class=\"caseicon-long-arrow-right-two\"><\/i>\r\n                <\/div>\r\n            <\/a>\r\n                    <a class=\"pxl-item \" data-wow-delay=\"ms\" href=\"https:\/\/www.cevahirperlite.com\/en\/urunler-pdf\/tds-1-200-2-400mm.pdf\" target=\"_blank\">\r\n                <div class=\"pxl-item-content\">\r\n                \t                        <div class=\"pxl-item--icon pxl-mr-14\">\r\n                            <i aria-hidden=\"true\" class=\"fas fa-file-pdf\"><\/i>                        <\/div>\r\n                                        <div class=\"pxl-item--text el-empty\">\r\n                        <span>1,200-2,400 mm<\/span>\r\n                    <\/div>\r\n                <\/div>\r\n                <div class=\"pxl-item-arrow\">\r\n                \t<i class=\"caseicon-long-arrow-right-two\"><\/i>\r\n                <\/div>\r\n            <\/a>\r\n            <\/div>\r\n\t\t\t\t<\/div>\n\t\t\t\t<\/div>\n\t\t            <\/div>\r\n        <\/div>\r\n        \t\t\t<\/div>\n\t\t<\/section>\n\t\t\t\t<\/div>\n\t\t","protected":false},"excerpt":{"rendered":"<p>Crushed and screened &#8211; Unexpanded Unexpanded perlite production involves the mining, crushing and screening of perlite ore. It is the most common form demanded, given the convenience of its compressed volume for shipment. Most buyers will then expand the product at their own facilities making significant savings on transport costs. Our unexpanded perlite undergoes an [&hellip;]<\/p>\n","protected":false},"author":1,"featured_media":0,"parent":0,"menu_order":0,"comment_status":"closed","ping_status":"closed","template":"","meta":{"footnotes":""},"class_list":["post-5457","page","type-page","status-publish","hentry"],"_links":{"self":[{"href":"https:\/\/www.cevahirperlite.com\/en\/wp-json\/wp\/v2\/pages\/5457","targetHints":{"allow":["GET"]}}],"collection":[{"href":"https:\/\/www.cevahirperlite.com\/en\/wp-json\/wp\/v2\/pages"}],"about":[{"href":"https:\/\/www.cevahirperlite.com\/en\/wp-json\/wp\/v2\/types\/page"}],"author":[{"embeddable":true,"href":"https:\/\/www.cevahirperlite.com\/en\/wp-json\/wp\/v2\/users\/1"}],"replies":[{"embeddable":true,"href":"https:\/\/www.cevahirperlite.com\/en\/wp-json\/wp\/v2\/comments?post=5457"}],"version-history":[{"count":0,"href":"https:\/\/www.cevahirperlite.com\/en\/wp-json\/wp\/v2\/pages\/5457\/revisions"}],"wp:attachment":[{"href":"https:\/\/www.cevahirperlite.com\/en\/wp-json\/wp\/v2\/media?parent=5457"}],"curies":[{"name":"wp","href":"https:\/\/api.w.org\/{rel}","templated":true}]}}