{"id":544,"date":"2024-11-04T09:00:58","date_gmt":"2024-11-04T09:00:58","guid":{"rendered":"https:\/\/demo.casethemes.net\/agenzio\/?page_id=544"},"modified":"2025-06-10T19:54:43","modified_gmt":"2025-06-10T16:54:43","slug":"about-us","status":"publish","type":"page","link":"https:\/\/www.cevahirperlite.com\/en\/about-us\/","title":{"rendered":"About Us"},"content":{"rendered":"\t\t<div data-elementor-type=\"wp-page\" data-elementor-id=\"544\" class=\"elementor elementor-544\">\n\t\t\t\t        <section class=\"elementor-section elementor-top-section elementor-element elementor-element-cb82fea elementor-section-stretched elementor-section-boxed elementor-section-height-default elementor-section-height-default pxl-row-scroll-none pxl-zoom-point-false pxl-section-overflow-visible pxl-section-fix-none pxl-bg-color-none pxl-section-overlay-none\" data-id=\"cb82fea\" data-element_type=\"section\" data-settings=\"{&quot;stretch_section&quot;:&quot;section-stretched&quot;}\">\n\n                \n                <div class=\"elementor-container elementor-column-gap-extended \">\n                <div class=\"elementor-column elementor-col-50 elementor-top-column elementor-element elementor-element-5eb5249 pxl-column-none pxl-column-overflow-hidden-no\" data-id=\"5eb5249\" data-element_type=\"column\">\r\n        <div class=\"elementor-widget-wrap elementor-element-populated\">\r\n                     \r\n        \t\t<div class=\"elementor-element elementor-element-df2b514 elementor-widget elementor-widget-pxl_heading\" data-id=\"df2b514\" data-element_type=\"widget\" data-widget_type=\"pxl_heading.default\">\n\t\t\t\t<div class=\"elementor-widget-container\">\n\t\t\t\t\t\n<div id=\"pxl-pxl_heading-df2b514-7252\" class=\"pxl-heading px-sub-title-default-style \">\n\t<div class=\"pxl-heading--inner\">\n\t\t<div class=\"pxl-heading-content\">\n\t\t\t\n\t\t\t<h3 class=\"pxl-item--title style-default highlight-default \" data-wow-delay=\"ms\">\n\t\t\t\t\n\t\t\t\t\n\t\t\t\t\t\t\t\t\tCevahir Perlite\t\n\t\t\t\t\t\n\t\t\t<\/h3>\n\t\t<\/div>\n\t<\/div>\n<\/div>\t\t\t\t<\/div>\n\t\t\t\t<\/div>\n\t\t\t\t<div class=\"elementor-element elementor-element-f4c6722 elementor-widget elementor-widget-pxl_text_editor\" data-id=\"f4c6722\" data-element_type=\"widget\" data-widget_type=\"pxl_text_editor.default\">\n\t\t\t\t<div class=\"elementor-widget-container\">\n\t\t\t\t\t<div class=\"pxl-text-editor\">\n\t<div class=\"pxl-item--inner \" data-wow-delay=\"ms\">\n\t\t<p>Established in 1959, Cevahir has played a prominent role in the construction sector both nationally and internationally. Within this period it has expanded into multiple companies within a variety of fields; ranging between construction, security, and mining. Amongst which, were projects in Istanbul; shopping centres and hotels, development of the tallest buildings in Macedonia (Sky City Project) as well as projects in other countries such as Libya and Saudi Arabia.<\/p><p>Cevahir Perlite established by Cevahir in 2012, is located in Bergama within the province of Izmir on the Aegean coast of Turkey. Our operations involve the processing, crushing, screening and expansion of Perlite Ore. Our open quarries are estimated to hold up to 25 million tonnes of perlite reserves, while our crushing and screening plant located next to the mine has an annual production capacity of over 100,000 metric tons. The plant is fully automated and made up of the latest technology capable of producing products as per customer needs.<\/p>\t\t\n\t<\/div>\n<\/div>\t\t\t\t<\/div>\n\t\t\t\t<\/div>\n\t\t\t\t<div class=\"elementor-element elementor-element-fd9b920 elementor-widget elementor-widget-spacer\" data-id=\"fd9b920\" data-element_type=\"widget\" data-widget_type=\"spacer.default\">\n\t\t\t\t<div class=\"elementor-widget-container\">\n\t\t\t\t\t\t\t<div class=\"elementor-spacer\">\n\t\t\t<div class=\"elementor-spacer-inner\"><\/div>\n\t\t<\/div>\n\t\t\t\t\t\t<\/div>\n\t\t\t\t<\/div>\n\t\t\t\t<div class=\"elementor-element elementor-element-82ea56c elementor-align-left elementor-align-left elementor-align-center elementor-widget__width-auto elementor-widget-tablet__width-inherit elementor-widget-mobile__width-inherit elementor-widget elementor-widget-pxl_button\" data-id=\"82ea56c\" data-element_type=\"widget\" data-widget_type=\"pxl_button.default\">\n\t\t\t\t<div class=\"elementor-widget-container\">\n\t\t\t\t\t<div id=\"pxl-pxl_button-82ea56c-6718\" class=\"pxl-button pxl-atc-link \" data-wow-delay=\"ms\">\r\n    <a href=\"http:\/\/cevahir.com.tr\/\" target=\"_blank\" class=\"btn pxl-icon-active  btn-style6  pxl-icon--left\" data-wow-delay=\"ms\" data-onepage-offset=\"\">\r\n                <span class=\"pxl--btn-text\" data-text=\"CEVAH\u0130R GROUP\">\r\n            CEVAH\u0130R GROUP        <\/span>\r\n            <\/a>\r\n<\/div>\t\t\t\t<\/div>\n\t\t\t\t<\/div>\n\t\t            <\/div>\r\n        <\/div>\r\n                <div class=\"elementor-column elementor-col-50 elementor-top-column elementor-element elementor-element-f33384f pxl-column-none pxl-column-overflow-hidden-no\" data-id=\"f33384f\" data-element_type=\"column\">\r\n        <div class=\"elementor-widget-wrap elementor-element-populated\">\r\n                     \r\n        \t\t<div class=\"elementor-element elementor-element-813caf5 elementor-arrows-position-inside elementor-pagination-position-outside elementor-widget elementor-widget-image-carousel\" data-id=\"813caf5\" data-element_type=\"widget\" data-settings=\"{&quot;slides_to_show&quot;:&quot;1&quot;,&quot;navigation&quot;:&quot;both&quot;,&quot;autoplay&quot;:&quot;yes&quot;,&quot;pause_on_hover&quot;:&quot;yes&quot;,&quot;pause_on_interaction&quot;:&quot;yes&quot;,&quot;autoplay_speed&quot;:5000,&quot;infinite&quot;:&quot;yes&quot;,&quot;effect&quot;:&quot;slide&quot;,&quot;speed&quot;:500}\" data-widget_type=\"image-carousel.default\">\n\t\t\t\t<div class=\"elementor-widget-container\">\n\t\t\t\t\t\t\t<div class=\"elementor-image-carousel-wrapper swiper\" role=\"region\" aria-roledescription=\"carousel\" aria-label=\"Resim D\u00f6ng\u00fcs\u00fc\" dir=\"ltr\">\n\t\t\t<div class=\"elementor-image-carousel swiper-wrapper\" aria-live=\"off\">\n\t\t\t\t\t\t\t\t<div class=\"swiper-slide\" role=\"group\" aria-roledescription=\"slide\" aria-label=\"1 of 3\"><figure class=\"swiper-slide-inner\"><img decoding=\"async\" class=\"swiper-slide-image\" src=\"https:\/\/www.cevahirperlite.com\/en\/wp-content\/uploads\/2025\/03\/1.jpg\" alt=\"1\" \/><\/figure><\/div><div class=\"swiper-slide\" role=\"group\" aria-roledescription=\"slide\" aria-label=\"2 of 3\"><figure class=\"swiper-slide-inner\"><img decoding=\"async\" class=\"swiper-slide-image\" src=\"https:\/\/www.cevahirperlite.com\/en\/wp-content\/uploads\/2025\/03\/4.jpg\" alt=\"4\" \/><\/figure><\/div><div class=\"swiper-slide\" role=\"group\" aria-roledescription=\"slide\" aria-label=\"3 of 3\"><figure class=\"swiper-slide-inner\"><img decoding=\"async\" class=\"swiper-slide-image\" src=\"https:\/\/www.cevahirperlite.com\/en\/wp-content\/uploads\/2025\/03\/2.jpg\" alt=\"2\" \/><\/figure><\/div>\t\t\t<\/div>\n\t\t\t\t\t\t\t\t\t\t\t\t<div class=\"elementor-swiper-button elementor-swiper-button-prev\" role=\"button\" tabindex=\"0\">\n\t\t\t\t\t\t<i aria-hidden=\"true\" class=\"eicon-chevron-left\"><\/i>\t\t\t\t\t<\/div>\n\t\t\t\t\t<div class=\"elementor-swiper-button elementor-swiper-button-next\" role=\"button\" tabindex=\"0\">\n\t\t\t\t\t\t<i aria-hidden=\"true\" class=\"eicon-chevron-right\"><\/i>\t\t\t\t\t<\/div>\n\t\t\t\t\n\t\t\t\t\t\t\t\t\t<div class=\"swiper-pagination\"><\/div>\n\t\t\t\t\t\t\t\t\t<\/div>\n\t\t\t\t\t\t<\/div>\n\t\t\t\t<\/div>\n\t\t\t\t<div class=\"elementor-element elementor-element-f89e7da elementor-widget-laptop__width-initial elementor-widget elementor-widget-pxl_badge\" data-id=\"f89e7da\" data-element_type=\"widget\" data-widget_type=\"pxl_badge.default\">\n\t\t\t\t<div class=\"elementor-widget-container\">\n\t\t\t\t\t<div class=\"pxl-badge-meta pxl-badge-meta1\">\r\n\t<div class=\"pxl-item-inner \" data-wow-delay=\"ms\">\r\n        <div class=\"pxl-title-center\">\r\n            <img decoding=\"async\" src=\"https:\/\/www.cevahirperlite.com\/en\/wp-content\/uploads\/2025\/03\/icon-white.svg\" width=\"60px\" \/>        <\/div>\r\n        <div class=\"pxl-rotate\">\r\n            <div class=\"pxl-meta-content\">\r\n                <div class=\"text\">\r\n                    <svg viewBox=\"0 0 164 164\" xmlns=\"http:\/\/www.w3.org\/2000\/svg\">\r\n                      <defs>\r\n                        <path id=\"circlePath\" d=\"M 82,82 m -60,0 a 60,60 0 1,1 120,0 a 60,60 0 1,1 -120,0\" \/>\r\n                      <\/defs>\r\n                      <g stroke=\"none\" fill=\"none\" width=\"164\" height=\"164\">\r\n                        <rect width=\"164\" height=\"164\" fill=\"none\" \/>\r\n                        <text fill=\"currentColor\" x=\"0%\" y=\"0%\" dominant-baseline=\"middle\" text-anchor=\"middle\">\r\n                          <textPath href=\"#circlePath\" startOffset=\"50%\" text-anchor=\"middle\" alignment-baseline=\"middle\">\r\n                            <a href=\"https:\/\/www.cevahirperlite.com\/en\/Cevahir-Perlite-Brochure.pdf\" target=\"_blank\">CLICK FOR THE CATALOGUE<\/a>                          <\/textPath>\r\n                        <\/text>\r\n                      <\/g>\r\n                    <\/svg>\r\n                <\/div>\r\n            <\/div>\r\n        <\/div>\r\n\t<\/div>\r\n<\/div>\t\t\t\t<\/div>\n\t\t\t\t<\/div>\n\t\t            <\/div>\r\n        <\/div>\r\n        \t\t\t<\/div>\n\t\t<\/section>\n\t\t\t\t<\/div>\n\t\t","protected":false},"excerpt":{"rendered":"<p>Cevahir Perlite Established in 1959, Cevahir has played a prominent role in the construction sector both nationally and internationally. Within this period it has expanded into multiple companies within a variety of fields; ranging between construction, security, and mining. Amongst which, were projects in Istanbul; shopping centres and hotels, development of the tallest buildings in [&hellip;]<\/p>\n","protected":false},"author":1,"featured_media":0,"parent":0,"menu_order":0,"comment_status":"closed","ping_status":"closed","template":"","meta":{"footnotes":""},"class_list":["post-544","page","type-page","status-publish","hentry"],"_links":{"self":[{"href":"https:\/\/www.cevahirperlite.com\/en\/wp-json\/wp\/v2\/pages\/544","targetHints":{"allow":["GET"]}}],"collection":[{"href":"https:\/\/www.cevahirperlite.com\/en\/wp-json\/wp\/v2\/pages"}],"about":[{"href":"https:\/\/www.cevahirperlite.com\/en\/wp-json\/wp\/v2\/types\/page"}],"author":[{"embeddable":true,"href":"https:\/\/www.cevahirperlite.com\/en\/wp-json\/wp\/v2\/users\/1"}],"replies":[{"embeddable":true,"href":"https:\/\/www.cevahirperlite.com\/en\/wp-json\/wp\/v2\/comments?post=544"}],"version-history":[{"count":0,"href":"https:\/\/www.cevahirperlite.com\/en\/wp-json\/wp\/v2\/pages\/544\/revisions"}],"wp:attachment":[{"href":"https:\/\/www.cevahirperlite.com\/en\/wp-json\/wp\/v2\/media?parent=544"}],"curies":[{"name":"wp","href":"https:\/\/api.w.org\/{rel}","templated":true}]}}