{"id":532,"date":"2024-11-04T08:58:12","date_gmt":"2024-11-04T08:58:12","guid":{"rendered":"https:\/\/demo.casethemes.net\/agenzio\/?page_id=532"},"modified":"2025-06-10T19:42:27","modified_gmt":"2025-06-10T16:42:27","slug":"contact","status":"publish","type":"page","link":"https:\/\/www.cevahirperlite.com\/en\/contact\/","title":{"rendered":"Contact"},"content":{"rendered":"\t\t<div data-elementor-type=\"wp-page\" data-elementor-id=\"532\" class=\"elementor elementor-532\">\n\t\t\t\t        <section class=\"elementor-section elementor-top-section elementor-element elementor-element-ea446d5 elementor-section-stretched elementor-section-boxed elementor-section-height-default elementor-section-height-default pxl-row-scroll-none pxl-zoom-point-false pxl-section-overflow-visible pxl-section-fix-none pxl-bg-color-none pxl-section-overlay-none\" data-id=\"ea446d5\" data-element_type=\"section\" data-settings=\"{&quot;stretch_section&quot;:&quot;section-stretched&quot;}\">\n\n                \n                <div class=\"elementor-container elementor-column-gap-extended \">\n                <div class=\"elementor-column elementor-col-33 elementor-top-column elementor-element elementor-element-eea779e pxl-column-none pxl-column-overflow-hidden-no\" data-id=\"eea779e\" data-element_type=\"column\">\r\n        <div class=\"elementor-widget-wrap elementor-element-populated\">\r\n                     \r\n        \t\t<div class=\"elementor-element elementor-element-c6c5ed2 elementor-widget elementor-widget-heading\" data-id=\"c6c5ed2\" data-element_type=\"widget\" data-widget_type=\"heading.default\">\n\t\t\t\t<div class=\"elementor-widget-container\">\n\t\t\t\t\t<h2 class=\"elementor-heading-title elementor-size-default\">Cevahir Center<\/h2>\t\t\t\t<\/div>\n\t\t\t\t<\/div>\n\t\t\t\t<div class=\"elementor-element elementor-element-bf5e564 elementor-widget elementor-widget-google_maps\" data-id=\"bf5e564\" data-element_type=\"widget\" data-widget_type=\"google_maps.default\">\n\t\t\t\t<div class=\"elementor-widget-container\">\n\t\t\t\t\t\t\t<div class=\"elementor-custom-embed\">\n\t\t\t<iframe loading=\"lazy\"\n\t\t\t\t\tsrc=\"https:\/\/www.google.com\/maps\/embed\/v1\/place?key=AIzaSyAmmjlJnwG-FdhXYTWTUoX-sCgCB_WeNDY&#038;q=Dar%C3%BClaceze%20Caddesi%20No%3A%2029%20%C5%9Ei%C5%9Fli%20%C4%B0stanbul&#038;zoom=15\"\n\t\t\t\t\ttitle=\"Dar\u00fclaceze Caddesi No: 29 \u015ei\u015fli \u0130stanbul\"\n\t\t\t\t\taria-label=\"Dar\u00fclaceze Caddesi No: 29 \u015ei\u015fli \u0130stanbul\"\n\t\t\t><\/iframe>\n\t\t<\/div>\n\t\t\t\t\t\t<\/div>\n\t\t\t\t<\/div>\n\t\t\t\t<div class=\"elementor-element elementor-element-28dbce4 elementor-widget elementor-widget-spacer\" data-id=\"28dbce4\" data-element_type=\"widget\" data-widget_type=\"spacer.default\">\n\t\t\t\t<div class=\"elementor-widget-container\">\n\t\t\t\t\t\t\t<div class=\"elementor-spacer\">\n\t\t\t<div class=\"elementor-spacer-inner\"><\/div>\n\t\t<\/div>\n\t\t\t\t\t\t<\/div>\n\t\t\t\t<\/div>\n\t\t\t\t<div class=\"elementor-element elementor-element-8ec12ff elementor-widget elementor-widget-heading\" data-id=\"8ec12ff\" data-element_type=\"widget\" data-widget_type=\"heading.default\">\n\t\t\t\t<div class=\"elementor-widget-container\">\n\t\t\t\t\t<h2 class=\"elementor-heading-title elementor-size-default\">Cevahir Mine<\/h2>\t\t\t\t<\/div>\n\t\t\t\t<\/div>\n\t\t\t\t<div class=\"elementor-element elementor-element-f2c356f elementor-widget elementor-widget-google_maps\" data-id=\"f2c356f\" data-element_type=\"widget\" data-widget_type=\"google_maps.default\">\n\t\t\t\t<div class=\"elementor-widget-container\">\n\t\t\t\t\t\t\t<div class=\"elementor-custom-embed\">\n\t\t\t<iframe loading=\"lazy\"\n\t\t\t\t\tsrc=\"https:\/\/www.google.com\/maps\/embed\/v1\/place?key=AIzaSyAmmjlJnwG-FdhXYTWTUoX-sCgCB_WeNDY&#038;q=Cevahir%20Madencilik&#038;zoom=14\"\n\t\t\t\t\ttitle=\"Cevahir Madencilik\"\n\t\t\t\t\taria-label=\"Cevahir Madencilik\"\n\t\t\t><\/iframe>\n\t\t<\/div>\n\t\t\t\t\t\t<\/div>\n\t\t\t\t<\/div>\n\t\t            <\/div>\r\n        <\/div>\r\n                <div class=\"elementor-column elementor-col-66 elementor-top-column elementor-element elementor-element-624edb9 pxl-column-none pxl-column-overflow-hidden-no\" data-id=\"624edb9\" data-element_type=\"column\">\r\n        <div class=\"elementor-widget-wrap elementor-element-populated\">\r\n                     \r\n        \t\t<div class=\"elementor-element elementor-element-5d0ace5 elementor-widget elementor-widget-pxl_heading\" data-id=\"5d0ace5\" data-element_type=\"widget\" data-widget_type=\"pxl_heading.default\">\n\t\t\t\t<div class=\"elementor-widget-container\">\n\t\t\t\t\t\n<div id=\"pxl-pxl_heading-5d0ace5-7266\" class=\"pxl-heading px-sub-title-default-style \">\n\t<div class=\"pxl-heading--inner\">\n\t\t<div class=\"pxl-heading-content\">\n\t\t\t\t\t\t\t<div class=\"pxl-item--subtitle px-sub-title-default \" data-wow-delay=\"ms\">\n\t\t\t\t\t<span class=\"pxl-item--subtext\">\n\t\t\t\t\t\t\t\t\t\t\t\tContact Us\t\t\t\t\t<\/span>\n\t\t\t\t<\/div>\n\t\t\t\n\t\t\t<h3 class=\"pxl-item--title style-default highlight-default pxl-split-text split-in-fade\" data-wow-delay=\"ms\">\n\t\t\t\t\n\t\t\t\t\n\t\t\t\t\t\t\t\t\tContact Details\t\n\t\t\t\t\t\n\t\t\t<\/h3>\n\t\t<\/div>\n\t<\/div>\n<\/div>\t\t\t\t<\/div>\n\t\t\t\t<\/div>\n\t\t        <section class=\"elementor-section elementor-inner-section elementor-element elementor-element-aefa493 elementor-section-boxed elementor-section-height-default elementor-section-height-default pxl-row-scroll-none pxl-zoom-point-false pxl-section-overflow-visible pxl-section-fix-none pxl-bg-color-none pxl-section-overlay-none\" data-id=\"aefa493\" data-element_type=\"section\">\n\n                \n                <div class=\"elementor-container elementor-column-gap-extended \">\n                <div class=\"elementor-column elementor-col-50 elementor-inner-column elementor-element elementor-element-07bae20 pxl-main-footer pxl-column-none pxl-column-overflow-hidden-no\" data-id=\"07bae20\" data-element_type=\"column\">\r\n        <div class=\"elementor-widget-wrap elementor-element-populated\">\r\n                     \r\n        \t\t<div class=\"elementor-element elementor-element-9e9a812 elementor-widget elementor-widget-pxl_text_editor\" data-id=\"9e9a812\" data-element_type=\"widget\" data-widget_type=\"pxl_text_editor.default\">\n\t\t\t\t<div class=\"elementor-widget-container\">\n\t\t\t\t\t<div class=\"pxl-text-editor\">\n\t<div class=\"pxl-item--inner \" data-wow-delay=\"ms\">\n\t\t<p>Address<\/p>\t\t\n\t<\/div>\n<\/div>\t\t\t\t<\/div>\n\t\t\t\t<\/div>\n\t\t\t\t<div class=\"elementor-element elementor-element-af0d708 elementor-widget elementor-widget-pxl_text_editor\" data-id=\"af0d708\" data-element_type=\"widget\" data-widget_type=\"pxl_text_editor.default\">\n\t\t\t\t<div class=\"elementor-widget-container\">\n\t\t\t\t\t<div class=\"pxl-text-editor\">\n\t<div class=\"pxl-item--inner \" data-wow-delay=\"ms\">\n\t\t<p>Dar\u00fclaceze Caddesi No: 29 Okmeydan\u0131 \/ \u015ei\u015fli \/ \u0130stanbul \/ T\u00fcrkiye<\/p>\t\t\n\t<\/div>\n<\/div>\t\t\t\t<\/div>\n\t\t\t\t<\/div>\n\t\t\t\t<div class=\"elementor-element elementor-element-0da2567 elementor-widget elementor-widget-spacer\" data-id=\"0da2567\" data-element_type=\"widget\" data-widget_type=\"spacer.default\">\n\t\t\t\t<div class=\"elementor-widget-container\">\n\t\t\t\t\t\t\t<div class=\"elementor-spacer\">\n\t\t\t<div class=\"elementor-spacer-inner\"><\/div>\n\t\t<\/div>\n\t\t\t\t\t\t<\/div>\n\t\t\t\t<\/div>\n\t\t\t\t<div class=\"elementor-element elementor-element-8c02aa2 elementor-widget elementor-widget-pxl_text_editor\" data-id=\"8c02aa2\" data-element_type=\"widget\" data-widget_type=\"pxl_text_editor.default\">\n\t\t\t\t<div class=\"elementor-widget-container\">\n\t\t\t\t\t<div class=\"pxl-text-editor\">\n\t<div class=\"pxl-item--inner \" data-wow-delay=\"ms\">\n\t\tMine Address\t\t\n\t<\/div>\n<\/div>\t\t\t\t<\/div>\n\t\t\t\t<\/div>\n\t\t\t\t<div class=\"elementor-element elementor-element-86d3fbb elementor-widget elementor-widget-pxl_text_editor\" data-id=\"86d3fbb\" data-element_type=\"widget\" data-widget_type=\"pxl_text_editor.default\">\n\t\t\t\t<div class=\"elementor-widget-container\">\n\t\t\t\t\t<div class=\"pxl-text-editor\">\n\t<div class=\"pxl-item--inner \" data-wow-delay=\"ms\">\n\t\t<p><a href=\"https:\/\/maps.app.goo.gl\/okYYMgHYeoxAQHye7\" target=\"_blank\" rel=\"noopener\">Tavuk\u00e7ukuru K\u00f6y\u00fc, 35700 Bergama\/\u0130zmir<\/a><\/p>\t\t\n\t<\/div>\n<\/div>\t\t\t\t<\/div>\n\t\t\t\t<\/div>\n\t\t            <\/div>\r\n        <\/div>\r\n                <div class=\"elementor-column elementor-col-50 elementor-inner-column elementor-element elementor-element-5f0ec25 pxl-main-footer pxl-column-none pxl-column-overflow-hidden-no\" data-id=\"5f0ec25\" data-element_type=\"column\">\r\n        <div class=\"elementor-widget-wrap elementor-element-populated\">\r\n                     \r\n        \t\t<div class=\"elementor-element elementor-element-f0f0116 elementor-widget elementor-widget-pxl_text_editor\" data-id=\"f0f0116\" data-element_type=\"widget\" data-widget_type=\"pxl_text_editor.default\">\n\t\t\t\t<div class=\"elementor-widget-container\">\n\t\t\t\t\t<div class=\"pxl-text-editor\">\n\t<div class=\"pxl-item--inner \" data-wow-delay=\"ms\">\n\t\t<p>Phone<\/p>\t\t\n\t<\/div>\n<\/div>\t\t\t\t<\/div>\n\t\t\t\t<\/div>\n\t\t\t\t<div class=\"elementor-element elementor-element-a396cc1 elementor-widget elementor-widget-pxl_text_editor\" data-id=\"a396cc1\" data-element_type=\"widget\" data-widget_type=\"pxl_text_editor.default\">\n\t\t\t\t<div class=\"elementor-widget-container\">\n\t\t\t\t\t<div class=\"pxl-text-editor\">\n\t<div class=\"pxl-item--inner \" data-wow-delay=\"ms\">\n\t\t<p><a href=\"tel:+902123208676\">+90 212 320 86 76<\/a><\/p>\t\t\n\t<\/div>\n<\/div>\t\t\t\t<\/div>\n\t\t\t\t<\/div>\n\t\t\t\t<div class=\"elementor-element elementor-element-9bb974c elementor-widget elementor-widget-spacer\" data-id=\"9bb974c\" data-element_type=\"widget\" data-widget_type=\"spacer.default\">\n\t\t\t\t<div class=\"elementor-widget-container\">\n\t\t\t\t\t\t\t<div class=\"elementor-spacer\">\n\t\t\t<div class=\"elementor-spacer-inner\"><\/div>\n\t\t<\/div>\n\t\t\t\t\t\t<\/div>\n\t\t\t\t<\/div>\n\t\t\t\t<div class=\"elementor-element elementor-element-38876c3 elementor-widget elementor-widget-pxl_text_editor\" data-id=\"38876c3\" data-element_type=\"widget\" data-widget_type=\"pxl_text_editor.default\">\n\t\t\t\t<div class=\"elementor-widget-container\">\n\t\t\t\t\t<div class=\"pxl-text-editor\">\n\t<div class=\"pxl-item--inner \" data-wow-delay=\"ms\">\n\t\t<p>Email<\/p>\t\t\n\t<\/div>\n<\/div>\t\t\t\t<\/div>\n\t\t\t\t<\/div>\n\t\t\t\t<div class=\"elementor-element elementor-element-966c1c1 elementor-widget elementor-widget-pxl_text_editor\" data-id=\"966c1c1\" data-element_type=\"widget\" data-widget_type=\"pxl_text_editor.default\">\n\t\t\t\t<div class=\"elementor-widget-container\">\n\t\t\t\t\t<div class=\"pxl-text-editor\">\n\t<div class=\"pxl-item--inner \" data-wow-delay=\"ms\">\n\t\t<p><a href=\"mailto:info@cevahirperlite.com\">info@cevahirperlite.com<\/a><\/p>\t\t\n\t<\/div>\n<\/div>\t\t\t\t<\/div>\n\t\t\t\t<\/div>\n\t\t            <\/div>\r\n        <\/div>\r\n        \t\t\t<\/div>\n\t\t<\/section>\n\t\t        <section class=\"elementor-section elementor-inner-section elementor-element elementor-element-400ccfc elementor-section-boxed elementor-section-height-default elementor-section-height-default pxl-row-scroll-none pxl-zoom-point-false pxl-section-overflow-visible pxl-section-fix-none pxl-bg-color-none pxl-section-overlay-none\" data-id=\"400ccfc\" data-element_type=\"section\">\n\n                \n                <div class=\"elementor-container elementor-column-gap-extended \">\n                <div class=\"elementor-column elementor-col-50 elementor-inner-column elementor-element elementor-element-a1b4b28 pxl-main-footer pxl-column-none pxl-column-overflow-hidden-no\" data-id=\"a1b4b28\" data-element_type=\"column\">\r\n        <div class=\"elementor-widget-wrap\">\r\n                     \r\n                    <\/div>\r\n        <\/div>\r\n                <div class=\"elementor-column elementor-col-50 elementor-inner-column elementor-element elementor-element-11a0de5 pxl-main-footer pxl-column-none pxl-column-overflow-hidden-no\" data-id=\"11a0de5\" data-element_type=\"column\">\r\n        <div class=\"elementor-widget-wrap\">\r\n                     \r\n                    <\/div>\r\n        <\/div>\r\n        \t\t\t<\/div>\n\t\t<\/section>\n\t\t        <section class=\"elementor-section elementor-inner-section elementor-element elementor-element-0b2a008 elementor-section-boxed elementor-section-height-default elementor-section-height-default pxl-row-scroll-none pxl-zoom-point-false pxl-section-overflow-visible pxl-section-fix-none pxl-bg-color-none pxl-section-overlay-none\" data-id=\"0b2a008\" data-element_type=\"section\">\n\n                \n                <div class=\"elementor-container elementor-column-gap-extended \">\n                <div class=\"elementor-column elementor-col-100 elementor-inner-column elementor-element elementor-element-1d23e39 pxl-main-footer pxl-column-none pxl-column-overflow-hidden-no\" data-id=\"1d23e39\" data-element_type=\"column\">\r\n        <div class=\"elementor-widget-wrap elementor-element-populated\">\r\n                     \r\n        \t\t<div class=\"elementor-element elementor-element-9ecb33c elementor-widget elementor-widget-pxl_contact_form\" data-id=\"9ecb33c\" data-element_type=\"widget\" data-widget_type=\"pxl_contact_form.default\">\n\t\t\t\t<div class=\"elementor-widget-container\">\n\t\t\t\t\t    <div class=\"pxl-contact-form pxl-contact-form1 btn-w-auto \" data-wow-delay=\"ms\">\r\n        \n<div class=\"wpcf7 no-js\" id=\"wpcf7-f7-o1\" lang=\"en-US\" dir=\"ltr\" data-wpcf7-id=\"7\">\n<div class=\"screen-reader-response\"><p role=\"status\" aria-live=\"polite\" aria-atomic=\"true\"><\/p> <ul><\/ul><\/div>\n<form action=\"\/en\/wp-json\/wp\/v2\/pages\/532#wpcf7-f7-o1\" method=\"post\" class=\"wpcf7-form init\" aria-label=\"Contact form\" novalidate=\"novalidate\" data-status=\"init\">\n<div style=\"display: none;\">\n<input type=\"hidden\" name=\"_wpcf7\" value=\"7\" \/>\n<input type=\"hidden\" name=\"_wpcf7_version\" value=\"6.0.6\" \/>\n<input type=\"hidden\" name=\"_wpcf7_locale\" value=\"en_US\" \/>\n<input type=\"hidden\" name=\"_wpcf7_unit_tag\" value=\"wpcf7-f7-o1\" \/>\n<input type=\"hidden\" name=\"_wpcf7_container_post\" value=\"0\" \/>\n<input type=\"hidden\" name=\"_wpcf7_posted_data_hash\" value=\"\" \/>\n<\/div>\n<div class=\"contact1\">\n\t<h3 class=\"pxl-item-title\">Contact Form\n\t<\/h3>\n\t<div class=\"row\">\n\t\t<div class=\"form pxl-item-name col-lg-6 col-md-6 col-sm-12\">\n\t\t\t<p><svg width=\"13\" height=\"14\" viewBox=\"0 0 13 14\" xmlns=\"http:\/\/www.w3.org\/2000\/svg\">\n        <g id=\"Icon\">\n        <path id=\"user\" d=\"M6.125 7C4.18359 7 2.625 5.44141 2.625 3.5C2.625 1.58594 4.18359 0 6.125 0C8.03906 0 9.625 1.58594 9.625 3.5C9.625 5.44141 8.03906 7 6.125 7ZM8.55859 7.875C10.582 7.875 12.25 9.54297 12.25 11.5664V12.6875C12.25 13.4258 11.6484 14 10.9375 14H1.3125C0.574219 14 0 13.4258 0 12.6875V11.5664C0 9.54297 1.64062 7.875 3.66406 7.875H4.12891C4.73047 8.17578 5.41406 8.3125 6.125 8.3125C6.83594 8.3125 7.49219 8.17578 8.09375 7.875H8.55859Z\" fill=\"#232323\"><\/path>\n        <\/g>\n        <\/svg><br \/>\n<span class=\"wpcf7-form-control-wrap\" data-name=\"text-484\"><input size=\"40\" maxlength=\"400\" class=\"wpcf7-form-control wpcf7-text wpcf7-validates-as-required\" aria-required=\"true\" aria-invalid=\"false\" placeholder=\"Name\" value=\"\" type=\"text\" name=\"text-484\" \/><\/span>\n\t\t\t<\/p>\n\t\t<\/div>\n\t\t<div class=\"form pxl-item-email col-lg-6 col-md-6 col-sm-12\">\n\t\t\t<p><svg width=\"14\" height=\"14\" viewBox=\"0 0 14 14\" xmlns=\"http:\/\/www.w3.org\/2000\/svg\">\n        <g id=\"Icon\">\n        <path id=\"envelope-open\" d=\"M14 12.6743C14 13.4125 13.3984 13.9868 12.6875 13.9868H1.3125C0.574219 13.9868 0 13.4125 0 12.6743V5.48284C0 5.07269 0.191406 4.68988 0.492188 4.44378C1.17578 3.92425 1.72266 3.48675 4.97656 1.13519C5.44141 0.807064 6.34375 -0.0132487 7 0.014095C7.62891 -0.0132487 8.53125 0.807064 8.99609 1.13519C12.25 3.48675 12.7969 3.92425 13.4805 4.44378C13.7812 4.68988 14 5.07269 14 5.48284V12.6743ZM12.1953 7.31488C12.1133 7.2055 11.9766 7.17816 11.8672 7.26019C11.2656 7.72503 10.3633 8.38128 8.99609 9.36566C8.53125 9.69378 7.62891 10.5141 7 10.4868C6.34375 10.5141 5.44141 9.69378 4.97656 9.36566C3.60938 8.38128 2.70703 7.72503 2.10547 7.26019C1.99609 7.17816 1.85938 7.2055 1.77734 7.31488L1.53125 7.67034C1.50391 7.69769 1.50391 7.75238 1.50391 7.80706C1.50391 7.86175 1.53125 7.94378 1.58594 7.97113C2.21484 8.43597 3.08984 9.09222 4.45703 10.0766C5.03125 10.4868 6.01562 11.3891 7 11.3618C7.95703 11.3891 8.94141 10.4868 9.51562 10.0766C10.8828 9.09222 11.7578 8.43597 12.3867 7.97113C12.4414 7.94378 12.4688 7.86175 12.4688 7.80706C12.4688 7.75238 12.4688 7.69769 12.4414 7.67034L12.1953 7.31488Z\" fill=\"#232323\"><\/path>\n        <\/g>\n        <\/svg><br \/>\n<span class=\"wpcf7-form-control-wrap\" data-name=\"email-761\"><input size=\"40\" maxlength=\"400\" class=\"wpcf7-form-control wpcf7-email wpcf7-validates-as-required wpcf7-text wpcf7-validates-as-email\" aria-required=\"true\" aria-invalid=\"false\" placeholder=\"Email\" value=\"\" type=\"email\" name=\"email-761\" \/><\/span>\n\t\t\t<\/p>\n\t\t<\/div>\n\t\t<div class=\"form pxl-item-name col-lg-6 col-md-6 col-sm-12\">\n\t\t\t<p><svg width=\"14\" height=\"14\" viewBox=\"0 0 512 512\" xmlns=\"http:\/\/www.w3.org\/2000\/svg\">\n        <g id=\"Icon\">\n        <path d=\"M164.9 24.6c-7.7-18.6-28-28.5-47.4-23.2l-88 24C12.1 30.2 0 46 0 64C0 311.4 200.6 512 448 512c18 0 33.8-12.1 38.6-29.5l24-88c5.3-19.4-4.6-39.7-23.2-47.4l-96-40c-16.3-6.8-35.2-2.1-46.3 11.6L304.7 368C234.3 334.7 177.3 277.7 144 207.3L193.3 167c13.7-11.2 18.4-30 11.6-46.3l-40-96z\"\/>      \n<\/g>\n        <\/svg><br \/>\n<span class=\"wpcf7-form-control-wrap\" data-name=\"tel-1\"><input size=\"40\" maxlength=\"400\" class=\"wpcf7-form-control wpcf7-tel wpcf7-validates-as-required wpcf7-text wpcf7-validates-as-tel\" aria-required=\"true\" aria-invalid=\"false\" placeholder=\"Phone\" value=\"\" type=\"tel\" name=\"tel-1\" \/><\/span>\n\t\t\t<\/p>\n\t\t<\/div>\n\t\t<div class=\"form pxl-item-subject col-lg-6 col-md-6 col-sm-12\">\n\t\t\t<p><svg width=\"16\" height=\"16\" viewBox=\"0 0 16 16\" fill=\"none\" xmlns=\"http:\/\/www.w3.org\/2000\/svg\">\n        <path d=\"M12.25 10.5938C12.25 10.8125 12.1406 11.0039 12.0039 11.1133C11.8672 11.5234 11.8672 12.7266 12.0039 13.1641C12.1406 13.2734 12.25 13.4648 12.25 13.6562V14.0938C12.25 14.4766 11.9492 14.75 11.5938 14.75H2.625C1.17578 14.75 0 13.5742 0 12.125V3.375C0 1.92578 1.17578 0.75 2.625 0.75H11.5938C11.9492 0.75 12.25 1.05078 12.25 1.40625V10.5938ZM3.5 4.41406V4.96094C3.5 5.07031 3.55469 5.125 3.66406 5.125H9.46094C9.54297 5.125 9.625 5.07031 9.625 4.96094V4.41406C9.625 4.33203 9.54297 4.25 9.46094 4.25H3.66406C3.55469 4.25 3.5 4.33203 3.5 4.41406ZM3.5 6.16406V6.71094C3.5 6.82031 3.55469 6.875 3.66406 6.875H9.46094C9.54297 6.875 9.625 6.82031 9.625 6.71094V6.16406C9.625 6.08203 9.54297 6 9.46094 6H3.66406C3.55469 6 3.5 6.08203 3.5 6.16406ZM10.418 13C10.3633 12.5352 10.3633 11.7422 10.418 11.25H2.625C2.13281 11.25 1.75 11.6602 1.75 12.125C1.75 12.6172 2.13281 13 2.625 13H10.418Z\" fill=\"#232323\"\/>\n        <\/svg><br \/>\n<span class=\"wpcf7-form-control-wrap\" data-name=\"text-566\"><input size=\"40\" maxlength=\"400\" class=\"wpcf7-form-control wpcf7-text wpcf7-validates-as-required\" aria-required=\"true\" aria-invalid=\"false\" placeholder=\"Subject\" value=\"\" type=\"text\" name=\"text-566\" \/><\/span>\n\t\t\t<\/p>\n\t\t<\/div>\n\t\t<div class=\"form pxl-item-message col-lg-12 col-md-12 col-sm-12\">\n\t\t\t<p><svg width=\"14\" height=\"14\" viewBox=\"0 0 14 14\" xmlns=\"http:\/\/www.w3.org\/2000\/svg\">\n        <path id=\"pen\" d=\"M7.93527 2.55737L11.4353 6.05737L3.8337 13.6589L0.716516 13.9871C0.30636 14.0417 -0.0491086 13.6863 0.00557892 13.2761L0.333704 10.1589L7.93527 2.55737ZM13.5954 2.03784C14.115 2.53003 14.115 3.37769 13.5954 3.89722L12.0642 5.42847L8.56417 1.92847L10.0954 0.397217C10.615 -0.122314 11.4626 -0.122314 11.9548 0.397217L13.5954 2.03784Z\" fill=\"#232323\"><\/path>\n        <\/svg><br \/>\n<span class=\"wpcf7-form-control-wrap\" data-name=\"textarea-648\"><textarea cols=\"40\" rows=\"10\" maxlength=\"2000\" class=\"wpcf7-form-control wpcf7-textarea wpcf7-validates-as-required\" aria-required=\"true\" aria-invalid=\"false\" placeholder=\"Message\" name=\"textarea-648\"><\/textarea><\/span>\n\t\t\t<\/p>\n\t\t<\/div>\n\t\t<div class=\"contact-submit col-lg-6 col-md-6 col-sm-12\">\n\t\t\t<p><button class=\"btn-contact7 wpcf7-submit\" type=\"submit\" data-animation=\"pxl-xspin\"><i class=\"pxl-icon\"><\/i>SUBMIT<\/button>\n\t\t\t<\/p>\n\t\t<\/div>\n\t<\/div>\n<\/div><div class=\"wpcf7-response-output\" aria-hidden=\"true\"><\/div>\n<\/form>\n<\/div>\n    <\/div>\r\n\t\t\t\t<\/div>\n\t\t\t\t<\/div>\n\t\t            <\/div>\r\n        <\/div>\r\n        \t\t\t<\/div>\n\t\t<\/section>\n\t\t            <\/div>\r\n        <\/div>\r\n        \t\t\t<\/div>\n\t\t<\/section>\n\t\t\t\t<\/div>\n\t\t","protected":false},"excerpt":{"rendered":"<p>Cevahir Center Cevahir Mine Contact Us Contact Details Address Dar\u00fclaceze Caddesi No: 29 Okmeydan\u0131 \/ \u015ei\u015fli \/ \u0130stanbul \/ T\u00fcrkiye Mine Address Tavuk\u00e7ukuru K\u00f6y\u00fc, 35700 Bergama\/\u0130zmir Phone +90 212 320 86 76 Email info@cevahirperlite.com Contact Form SUBMIT<\/p>\n","protected":false},"author":1,"featured_media":0,"parent":0,"menu_order":0,"comment_status":"closed","ping_status":"closed","template":"","meta":{"footnotes":""},"class_list":["post-532","page","type-page","status-publish","hentry"],"_links":{"self":[{"href":"https:\/\/www.cevahirperlite.com\/en\/wp-json\/wp\/v2\/pages\/532","targetHints":{"allow":["GET"]}}],"collection":[{"href":"https:\/\/www.cevahirperlite.com\/en\/wp-json\/wp\/v2\/pages"}],"about":[{"href":"https:\/\/www.cevahirperlite.com\/en\/wp-json\/wp\/v2\/types\/page"}],"author":[{"embeddable":true,"href":"https:\/\/www.cevahirperlite.com\/en\/wp-json\/wp\/v2\/users\/1"}],"replies":[{"embeddable":true,"href":"https:\/\/www.cevahirperlite.com\/en\/wp-json\/wp\/v2\/comments?post=532"}],"version-history":[{"count":0,"href":"https:\/\/www.cevahirperlite.com\/en\/wp-json\/wp\/v2\/pages\/532\/revisions"}],"wp:attachment":[{"href":"https:\/\/www.cevahirperlite.com\/en\/wp-json\/wp\/v2\/media?parent=532"}],"curies":[{"name":"wp","href":"https:\/\/api.w.org\/{rel}","templated":true}]}}